{"id":586,"date":"2026-04-21T11:51:05","date_gmt":"2026-04-21T11:51:05","guid":{"rendered":"https:\/\/alfoldizoltan.hu\/?page_id=586"},"modified":"2026-04-21T11:54:30","modified_gmt":"2026-04-21T11:54:30","slug":"imprint","status":"publish","type":"page","link":"https:\/\/alfoldizoltan.hu\/en\/imprint\/","title":{"rendered":"Imprint"},"content":{"rendered":"<p>[et_pb_section fb_built=&#8221;1&#8243; next_background_color=&#8221;#ffffff&#8221; _builder_version=&#8221;4.27.5&#8243; _module_preset=&#8221;default&#8221; background_color=&#8221;#f3f1ed&#8221; custom_margin=&#8221;||0px||false|false&#8221; custom_padding=&#8221;30px||5px||false|false&#8221; bottom_divider_style=&#8221;graph4&#8243; global_colors_info=&#8221;{}&#8221;][et_pb_row _builder_version=&#8221;4.27.5&#8243; _module_preset=&#8221;default&#8221; global_colors_info=&#8221;{}&#8221;][et_pb_column type=&#8221;4_4&#8243; _builder_version=&#8221;4.27.5&#8243; _module_preset=&#8221;default&#8221; global_colors_info=&#8221;{}&#8221;][et_pb_text admin_label=&#8221;Title&#8221; _builder_version=&#8221;4.27.5&#8243; text_font=&#8221;||||||||&#8221; header_font=&#8221;||||||||&#8221; header_2_font=&#8221;Poppins||||||||&#8221; header_2_text_color=&#8221;#0d203a&#8221; header_2_font_size=&#8221;50px&#8221; header_2_line_height=&#8221;1.6em&#8221; custom_margin=&#8221;||10px|&#8221; animation_style=&#8221;fade&#8221; animation_direction=&#8221;left&#8221; header_2_font_size_tablet=&#8221;40px&#8221; header_2_font_size_phone=&#8221;32px&#8221; header_2_font_size_last_edited=&#8221;on|tablet&#8221; global_colors_info=&#8221;{}&#8221;]<\/p>\n<h2 style=\"text-align: center;\">Imprint<\/h2>\n<p>[\/et_pb_text][\/et_pb_column][\/et_pb_row][\/et_pb_section][et_pb_section fb_built=&#8221;1&#8243; admin_label=&#8221;Welcome Section&#8221; _builder_version=&#8221;4.27.5&#8243; custom_margin=&#8221;0px||100px||false|false&#8221; custom_margin_tablet=&#8221;0px||100px||false|false&#8221; custom_margin_phone=&#8221;0px||100px||false|false&#8221; custom_margin_last_edited=&#8221;on|desktop&#8221; custom_padding=&#8221;0px||90px||false|false&#8221; global_colors_info=&#8221;{}&#8221;][et_pb_row make_equal=&#8221;on&#8221; admin_label=&#8221;Welcome Area&#8221; _builder_version=&#8221;4.27.5&#8243; animation_style=&#8221;slide&#8221; global_colors_info=&#8221;{}&#8221;][et_pb_column type=&#8221;4_4&#8243; _builder_version=&#8221;4.27.5&#8243; custom_padding=&#8221;||||false|false&#8221; custom_css_main_element=&#8221;margin: auto;&#8221; global_colors_info=&#8221;{}&#8221; custom_padding__hover=&#8221;|||&#8221;][et_pb_text _builder_version=&#8221;4.27.5&#8243; text_font=&#8221;||||||||&#8221; text_text_color=&#8221;#313b45&#8243; text_font_size=&#8221;16px&#8221; text_line_height=&#8221;2em&#8221; ul_font_size=&#8221;16px&#8221; ul_line_height=&#8221;2em&#8221; animation_direction=&#8221;left&#8221; hover_enabled=&#8221;0&#8243; global_colors_info=&#8221;{}&#8221; sticky_enabled=&#8221;0&#8243;]<strong>1) The data controller responsible for the content of the website and social media platforms available at the internet address you are visiting (hereinafter collectively referred to as: website), as well as the owner of the domain and the website:<\/strong><\/p>\n<p><strong>[COMPANY NAME] Limited Liability Company<\/strong><\/p>\n<p><span>[POSTAL CODE] [CITY], [STREET AND NUMBER]<br \/>\n<\/span><span>Tax number: [TAX NUMBER]<br \/>\n<\/span><\/p>\n<p>Registered at the Company Registry of the Gy\u0151r Regional Court.<\/p>\n<p><strong>2.) Supervisory authority of data processing:<\/strong><\/p>\n<p><strong>National Authority for Data Protection and Freedom of Information<\/strong><br \/>\nRegistered seat: 1125 Budapest, Falk Miksa Street 9-11.<br \/>\nMailing address: 1363 Budapest, P.O. Box 9.<br \/>\nPhone: +36 30 683 5969<br \/>\nFax: +36 1 391 1410<br \/>\nE-mail: ugyfelszolgalat@naih.hu<\/p>\n<p>Website: http:\/\/www.naih.hu\/<\/p>\n<p><strong>3.) Hosting provider:<\/strong><\/p>\n<p><strong>KTS Online Ltd.<\/strong><br \/>\nTax number: 29152106-2-08<br \/>\nCompany registration number: 08-09-032885<br \/>\nRegistered at the Company Registry of the Gy\u0151r Regional Court.<br \/>\nStatistical number: 29152106-6311-113-08<br \/>\nEU VAT number: HU29152106<\/p>\n<p>REGISTERED OFFICE: 9024 Gy\u0151r, Bart\u00f3k B\u00e9la Street 26\/B ground floor 2.<br \/>\nPHONE: +36-20\/316-2431<br \/>\nE-MAIL: info@kts.hu<\/p>\n<p>SERVER ROOM: 1132 Budapest, Victor Hugo Street 18-22.<\/p>\n<p><strong>4.) If the User (consumer) resides in the European Union, they may use the European Commission\u2019s online dispute resolution tool in connection with complaints regarding the service.<\/strong><\/p>\n<p><strong>European Commission Online Dispute Resolution Platform<\/strong><br \/>\nWebsite: <a href=\"https:\/\/webgate.ec.europa.eu\/odr\" target=\"_blank\" rel=\"noopener\">https:\/\/webgate.ec.europa.eu\/odr<br \/>\n<\/a><\/p>\n<p>This internet-based platform was created by the EU for consumers who wish to file a complaint regarding products or services purchased online and would like to request a neutral third party (dispute resolution body) to handle the complaint.<\/p>\n<p>Further information about the online dispute resolution platform, its use, and the dispute resolution process can be found on the website accessible via the link above.[\/et_pb_text][\/et_pb_column][\/et_pb_row][\/et_pb_section][et_pb_section fb_built=&#8221;1&#8243; _builder_version=&#8221;4.27.5&#8243; _module_preset=&#8221;default&#8221; saved_tabs=&#8221;all&#8221; global_colors_info=&#8221;{}&#8221;][et_pb_row _builder_version=&#8221;4.16&#8243; global_colors_info=&#8221;{}&#8221;][et_pb_column type=&#8221;4_4&#8243; _builder_version=&#8221;4.16&#8243; custom_padding=&#8221;|||&#8221; global_colors_info=&#8221;{}&#8221; custom_padding__hover=&#8221;|||&#8221;][et_pb_contact_form use_spam_service=&#8221;on&#8221; recaptcha_list=&#8221;alfoldizoltanhu &#8211; V3|alfoldizoltanhu &#8211; V3-0&#8243; email=&#8221;info@alfoldizoltan.hu&#8221; title=&#8221;\u00dczenetk\u00fcld\u00e9s&#8221; custom_message=&#8221;N\u00e9v: %%Name%%||et_pb_line_break_holder||Email: %%Email%%||et_pb_line_break_holder||\u00dczenet: %%Message%%||et_pb_line_break_holder||||et_pb_line_break_holder||||et_pb_line_break_holder||||et_pb_line_break_holder||\u00dczenet k\u00fcldve az alfoldizoltan.hu oldalr\u00f3l.&#8221; module_id=&#8221;et_pb_contact_form_0&#8243; _builder_version=&#8221;4.27.5&#8243; _unique_id=&#8221;a205d5ce-ace4-4229-a80e-ad1b6fd18e5b&#8221; form_field_background_color=&#8221;rgba(0,0,0,0)&#8221; title_level=&#8221;h2&#8243; title_font=&#8221;Poppins||||||||&#8221; title_text_color=&#8221;#0d203a&#8221; title_font_size=&#8221;42px&#8221; title_line_height=&#8221;1.4em&#8221; form_field_font=&#8221;||||||||&#8221; form_field_font_size=&#8221;16px&#8221; custom_button=&#8221;on&#8221; button_text_size=&#8221;14px&#8221; button_text_color=&#8221;#ffffff&#8221; button_bg_color=&#8221;#0d203a&#8221; button_border_width=&#8221;12px&#8221; button_border_color=&#8221;#0d203a&#8221; button_border_radius=&#8221;0px&#8221; button_letter_spacing=&#8221;4px&#8221; button_font=&#8221;|700||on|||||&#8221; button_icon=&#8221;&#x24;||divi||400&#8243; custom_margin=&#8221;|||&#8221; custom_padding=&#8221;|||&#8221; animation_style=&#8221;fade&#8221; animation_direction=&#8221;right&#8221; animation_starting_opacity=&#8221;100%&#8221; title_font_size_tablet=&#8221;&#8221; title_font_size_phone=&#8221;32px&#8221; title_font_size_last_edited=&#8221;on|phone&#8221; border_width_all=&#8221;1px&#8221; border_color_all=&#8221;rgba(0,0,0,0.12)&#8221; border_style_all=&#8221;solid&#8221; form_background_color=&#8221;rgba(0,0,0,0)&#8221; global_colors_info=&#8221;{}&#8221;][et_pb_contact_field field_id=&#8221;Name&#8221; field_title=&#8221;N\u00e9v&#8221; _builder_version=&#8221;4.27.5&#8243; global_colors_info=&#8221;{}&#8221; button_text_size__hover_enabled=&#8221;off&#8221; button_one_text_size__hover_enabled=&#8221;off&#8221; button_two_text_size__hover_enabled=&#8221;off&#8221; button_text_color__hover_enabled=&#8221;off&#8221; button_one_text_color__hover_enabled=&#8221;off&#8221; button_two_text_color__hover_enabled=&#8221;off&#8221; button_border_width__hover_enabled=&#8221;off&#8221; button_one_border_width__hover_enabled=&#8221;off&#8221; button_two_border_width__hover_enabled=&#8221;off&#8221; button_border_color__hover_enabled=&#8221;off&#8221; button_one_border_color__hover_enabled=&#8221;off&#8221; button_two_border_color__hover_enabled=&#8221;off&#8221; button_border_radius__hover_enabled=&#8221;off&#8221; button_one_border_radius__hover_enabled=&#8221;off&#8221; button_two_border_radius__hover_enabled=&#8221;off&#8221; button_letter_spacing__hover_enabled=&#8221;off&#8221; button_one_letter_spacing__hover_enabled=&#8221;off&#8221; button_two_letter_spacing__hover_enabled=&#8221;off&#8221; button_bg_color__hover_enabled=&#8221;off&#8221; button_one_bg_color__hover_enabled=&#8221;off&#8221; button_two_bg_color__hover_enabled=&#8221;off&#8221;][\/et_pb_contact_field][et_pb_contact_field field_id=&#8221;Email&#8221; field_title=&#8221;Email c\u00edm&#8221; field_type=&#8221;email&#8221; _builder_version=&#8221;4.27.5&#8243; global_colors_info=&#8221;{}&#8221; button_text_size__hover_enabled=&#8221;off&#8221; button_one_text_size__hover_enabled=&#8221;off&#8221; button_two_text_size__hover_enabled=&#8221;off&#8221; button_text_color__hover_enabled=&#8221;off&#8221; button_one_text_color__hover_enabled=&#8221;off&#8221; button_two_text_color__hover_enabled=&#8221;off&#8221; button_border_width__hover_enabled=&#8221;off&#8221; button_one_border_width__hover_enabled=&#8221;off&#8221; button_two_border_width__hover_enabled=&#8221;off&#8221; button_border_color__hover_enabled=&#8221;off&#8221; button_one_border_color__hover_enabled=&#8221;off&#8221; button_two_border_color__hover_enabled=&#8221;off&#8221; button_border_radius__hover_enabled=&#8221;off&#8221; button_one_border_radius__hover_enabled=&#8221;off&#8221; button_two_border_radius__hover_enabled=&#8221;off&#8221; button_letter_spacing__hover_enabled=&#8221;off&#8221; button_one_letter_spacing__hover_enabled=&#8221;off&#8221; button_two_letter_spacing__hover_enabled=&#8221;off&#8221; button_bg_color__hover_enabled=&#8221;off&#8221; button_one_bg_color__hover_enabled=&#8221;off&#8221; button_two_bg_color__hover_enabled=&#8221;off&#8221;][\/et_pb_contact_field][et_pb_contact_field field_id=&#8221;Message&#8221; field_title=&#8221;\u00dczenet&#8221; field_type=&#8221;text&#8221; fullwidth_field=&#8221;on&#8221; _builder_version=&#8221;4.27.5&#8243; global_colors_info=&#8221;{}&#8221; button_text_size__hover_enabled=&#8221;off&#8221; button_one_text_size__hover_enabled=&#8221;off&#8221; button_two_text_size__hover_enabled=&#8221;off&#8221; button_text_color__hover_enabled=&#8221;off&#8221; button_one_text_color__hover_enabled=&#8221;off&#8221; button_two_text_color__hover_enabled=&#8221;off&#8221; button_border_width__hover_enabled=&#8221;off&#8221; button_one_border_width__hover_enabled=&#8221;off&#8221; button_two_border_width__hover_enabled=&#8221;off&#8221; button_border_color__hover_enabled=&#8221;off&#8221; button_one_border_color__hover_enabled=&#8221;off&#8221; button_two_border_color__hover_enabled=&#8221;off&#8221; button_border_radius__hover_enabled=&#8221;off&#8221; button_one_border_radius__hover_enabled=&#8221;off&#8221; button_two_border_radius__hover_enabled=&#8221;off&#8221; button_letter_spacing__hover_enabled=&#8221;off&#8221; button_one_letter_spacing__hover_enabled=&#8221;off&#8221; button_two_letter_spacing__hover_enabled=&#8221;off&#8221; button_bg_color__hover_enabled=&#8221;off&#8221; button_one_bg_color__hover_enabled=&#8221;off&#8221; button_two_bg_color__hover_enabled=&#8221;off&#8221;][\/et_pb_contact_field][\/et_pb_contact_form][et_pb_social_media_follow use_icon_font_size=&#8221;on&#8221; icon_font_size=&#8221;30px&#8221; _builder_version=&#8221;4.27.5&#8243; _module_preset=&#8221;default&#8221; text_orientation=&#8221;center&#8221; custom_margin_tablet=&#8221;&#8221; custom_margin_phone=&#8221;50px||||false|false&#8221; custom_margin_last_edited=&#8221;on|phone&#8221; locked=&#8221;off&#8221; global_colors_info=&#8221;{}&#8221;][et_pb_social_media_follow_network social_network=&#8221;linkedin&#8221; url=&#8221;https:\/\/www.linkedin.com\/in\/zolt%C3%A1n-alf%C3%B6ldi-a9a03518a\/&#8221; icon_color=&#8221;#FFFFFF&#8221; _builder_version=&#8221;4.27.5&#8243; _module_preset=&#8221;default&#8221; background_color=&#8221;#0d203a&#8221; background_enable_color=&#8221;on&#8221; global_colors_info=&#8221;{}&#8221; follow_button=&#8221;off&#8221; url_new_window=&#8221;on&#8221;]linkedin[\/et_pb_social_media_follow_network][et_pb_social_media_follow_network social_network=&#8221;facebook&#8221; url=&#8221;https:\/\/www.facebook.com\/zoltan.alfoldi\/%20&#8243; _builder_version=&#8221;4.27.5&#8243; _module_preset=&#8221;default&#8221; background_color=&#8221;#0d203a&#8221; background_enable_color=&#8221;on&#8221; custom_margin=&#8221;|30px||30px|false|true&#8221; global_colors_info=&#8221;{}&#8221; follow_button=&#8221;off&#8221; url_new_window=&#8221;on&#8221;]facebook[\/et_pb_social_media_follow_network][et_pb_social_media_follow_network social_network=&#8221;instagram&#8221; url=&#8221;https:\/\/www.instagram.com\/zoltanalfoldi\/&#8221; _builder_version=&#8221;4.27.5&#8243; _module_preset=&#8221;default&#8221; background_color=&#8221;#0d203a&#8221; background_enable_color=&#8221;on&#8221; global_colors_info=&#8221;{}&#8221; follow_button=&#8221;off&#8221; url_new_window=&#8221;on&#8221;]instagram[\/et_pb_social_media_follow_network][\/et_pb_social_media_follow][\/et_pb_column][\/et_pb_row][\/et_pb_section]<\/p>\n","protected":false},"excerpt":{"rendered":"<p>Imprint1) The data controller responsible for the content of the website and social media platforms available at the internet address you are visiting (hereinafter collectively referred to as: website), as well as the owner of the domain and the website: [COMPANY NAME] Limited Liability Company [POSTAL CODE] [CITY], [STREET AND NUMBER] Tax number: [TAX NUMBER] [&hellip;]<\/p>\n","protected":false},"author":1,"featured_media":0,"parent":0,"menu_order":0,"comment_status":"closed","ping_status":"closed","template":"","meta":{"_acf_changed":false,"_et_pb_use_builder":"on","_et_pb_old_content":"<p>[et_pb_section fb_built=\"1\" next_background_color=\"#ffffff\" _builder_version=\"4.27.5\" _module_preset=\"default\" background_color=\"#f3f1ed\" custom_margin=\"||0px||false|false\" custom_padding=\"30px||5px||false|false\" bottom_divider_style=\"graph4\" global_colors_info=\"{}\"][et_pb_row _builder_version=\"4.27.5\" _module_preset=\"default\" global_colors_info=\"{}\"][et_pb_column type=\"4_4\" _builder_version=\"4.27.5\" _module_preset=\"default\" global_colors_info=\"{}\"][et_pb_text admin_label=\"Title\" _builder_version=\"4.27.5\" text_font=\"||||||||\" header_font=\"||||||||\" header_2_font=\"Poppins||||||||\" header_2_text_color=\"#0d203a\" header_2_font_size=\"50px\" header_2_line_height=\"1.6em\" custom_margin=\"||10px|\" animation_style=\"fade\" animation_direction=\"left\" hover_enabled=\"0\" header_2_font_size_tablet=\"40px\" header_2_font_size_phone=\"32px\" header_2_font_size_last_edited=\"on|tablet\" global_colors_info=\"{}\" sticky_enabled=\"0\"]<\/p><h2 style=\"text-align: center;\">Impresszum<\/h2><p>[\/et_pb_text][\/et_pb_column][\/et_pb_row][\/et_pb_section][et_pb_section fb_built=\"1\" admin_label=\"Welcome Section\" _builder_version=\"4.27.5\" custom_margin=\"0px||100px||false|false\" custom_margin_tablet=\"0px||100px||false|false\" custom_margin_phone=\"0px||100px||false|false\" custom_margin_last_edited=\"on|desktop\" custom_padding=\"0px||90px||false|false\" global_colors_info=\"{}\"][et_pb_row make_equal=\"on\" admin_label=\"Welcome Area\" _builder_version=\"4.27.5\" animation_style=\"slide\" global_colors_info=\"{}\"][et_pb_column type=\"4_4\" _builder_version=\"4.27.5\" custom_padding=\"||||false|false\" custom_css_main_element=\"margin: auto;\" global_colors_info=\"{}\" custom_padding__hover=\"|||\"][et_pb_text _builder_version=\"4.27.5\" text_font=\"||||||||\" text_text_color=\"#313b45\" text_font_size=\"16px\" text_line_height=\"2em\" ul_font_size=\"16px\" ul_line_height=\"2em\" animation_direction=\"left\" hover_enabled=\"0\" global_colors_info=\"{}\" sticky_enabled=\"0\"]<strong>1) Az \u00d6n \u00e1ltal megtekintett internetc\u00edmen el\u00e9rhet\u0151 internetes oldal, k\u00f6z\u00f6ss\u00e9gi m\u00e9dia fel\u00fclet \u2013 egy\u00fcttesen a tov\u00e1bbiakban: webhely \u2013 tartalm\u00e1\u00e9rt felel\u0151s adatkezel\u0151, illetve a domain \u00e9s a webhely tulajdonosa:<\/strong><\/p><p><strong>[C\u00c9GN\u00c9V] Korl\u00e1tolt Felel\u0151ss\u00e9g\u0171 T\u00e1rsas\u00e1g<\/strong><\/p><p>[IR\u00c1NY\u00cdT\u00d3SZ\u00c1M] [V\u00c1ROS], [UTCA \u00c9S H\u00c1ZSZ\u00c1M]<br \/>Asz.: [AD\u00d3SZ\u00c1M]<\/p><p>Gy\u0151ri T\u00f6rv\u00e9nysz\u00e9k C\u00e9gb\u00edr\u00f3s\u00e1ga nyilv\u00e1ntart\u00e1s\u00e1ban.<\/p><p><strong>2.) Az adatkezel\u00e9st fel\u00fcgyel\u0151 hat\u00f3s\u00e1g:<\/strong><\/p><p><strong>Nemzeti Adatv\u00e9delmi \u00e9s Inform\u00e1ci\u00f3szabads\u00e1g Hat\u00f3s\u00e1g<\/strong><br \/>Sz\u00e9khely: 1125 Budapest, Falk Miksa utca 9-11.<br \/>Postac\u00edm: 1363 Budapest, Pf. 9.<br \/>Telefon: +36 30 683 5969<br \/>Fax: +36 1 391 1410<br \/>E-mail: ugyfelszolgalat@naih.hu<br \/>Webhely: http:\/\/www.naih.hu\/<\/p><p><strong>3.) T\u00e1rhelyszolg\u00e1ltat\u00f3:<\/strong><\/p><p><strong>KTS Online Kft<\/strong><br \/>Ad\u00f3sz\u00e1m: 29152106-2-08.<br \/>C\u00e9gjegyz\u00e9ksz\u00e1m: 08-09-032885<br \/>Gy\u0151ri T\u00f6rv\u00e9nysz\u00e9k C\u00e9gb\u00edr\u00f3s\u00e1ga nyilv\u00e1ntart\u00e1s\u00e1ban.<br \/>Statisztikai sz\u00e1mjel: 29152106-6311-113-08.<br \/>K\u00f6z\u00f6ss\u00e9gi ad\u00f3sz\u00e1m: HU29152106.<\/p><p>SZ\u00c9KHELY 9024 Gy\u0151r, Bart\u00f3k B\u00e9la utca 26\/B f\u00f6ldszint 2.<br \/>TELEFON: +36-20\/316-2431<br \/>E-MAIL info@kts.hu<\/p><p>SZERVERTEREM:\u00a0 1132 Budapest, Victor Hug\u00f3 utca 18-22.<\/p><p><strong>4.) Ha Felhaszn\u00e1l\u00f3 (fogyaszt\u00f3) az Eur\u00f3pai Uni\u00f3ban \u00e9l, a szolg\u00e1ltat\u00e1sra vonatkoz\u00f3 panasz\u00e1val kapcsolatban ig\u00e9nybe veheti az Eur\u00f3pai Bizotts\u00e1g al\u00e1bbi online vitarendez\u00e9si eszk\u00f6z\u00e9t.<\/strong><\/p><p><strong>Az Eur\u00f3pai Bizotts\u00e1g online vitarendez\u00e9si platformja<\/strong><br \/>Webhely:\u00a0<a href=\"https:\/\/webgate.ec.europa.eu\/odr\" target=\"_blank\" rel=\"noopener\">https:\/\/webgate.ec.europa.eu\/odr<\/a><\/p><p>Ezt az internetalap\u00fa platformot az EU azoknak a fogyaszt\u00f3knak hozta l\u00e9tre, akik panasszal k\u00edv\u00e1nnak \u00e9lni az \u00e1ltaluk online v\u00e1s\u00e1rolt term\u00e9kekkel vagy szolg\u00e1ltat\u00e1sokkal kapcsolatban, \u00e9s fel szeretn\u00e9nek k\u00e9rni egy semleges harmadik felet (vitarendez\u00e9si test\u00fcletet) a panasz kezel\u00e9s\u00e9re.<\/p><p>Az online vitarendez\u00e9si platformr\u00f3l \u00e9s haszn\u00e1lat\u00e1r\u00f3l, a vitarendez\u00e9s m\u00f3dj\u00e1r\u00f3l tov\u00e1bbi inform\u00e1ci\u00f3kat a fenti link haszn\u00e1lat\u00e1val el\u00e9rhet\u0151 webhelyen tal\u00e1l.[\/et_pb_text][\/et_pb_column][\/et_pb_row][\/et_pb_section][et_pb_section fb_built=\"1\" _builder_version=\"4.27.5\" _module_preset=\"default\" global_module=\"159\" saved_tabs=\"all\" global_colors_info=\"{}\"][et_pb_row _builder_version=\"4.16\" global_colors_info=\"{}\"][et_pb_column type=\"4_4\" _builder_version=\"4.16\" custom_padding=\"|||\" global_colors_info=\"{}\" custom_padding__hover=\"|||\"][et_pb_contact_form use_spam_service=\"on\" recaptcha_list=\"alfoldizoltanhu - V3|alfoldizoltanhu - V3-0\" email=\"info@alfoldizoltan.hu\" title=\"\u00dczenetk\u00fcld\u00e9s\" custom_message=\"N\u00e9v: %%Name%%||et_pb_line_break_holder||Email: %%Email%%||et_pb_line_break_holder||\u00dczenet: %%Message%%||et_pb_line_break_holder||||et_pb_line_break_holder||||et_pb_line_break_holder||||et_pb_line_break_holder||\u00dczenet k\u00fcldve az alfoldizoltan.hu oldalr\u00f3l.\" module_id=\"et_pb_contact_form_0\" _builder_version=\"4.27.5\" _unique_id=\"a205d5ce-ace4-4229-a80e-ad1b6fd18e5b\" form_field_background_color=\"rgba(0,0,0,0)\" title_level=\"h2\" title_font=\"Poppins||||||||\" title_text_color=\"#0d203a\" title_font_size=\"42px\" title_line_height=\"1.4em\" form_field_font=\"||||||||\" form_field_font_size=\"16px\" custom_button=\"on\" button_text_size=\"14px\" button_text_color=\"#ffffff\" button_bg_color=\"#0d203a\" button_border_width=\"12px\" button_border_color=\"#0d203a\" button_border_radius=\"0px\" button_letter_spacing=\"4px\" button_font=\"|700||on|||||\" button_icon=\"$||divi||400\" custom_margin=\"|||\" custom_padding=\"|||\" animation_style=\"fade\" animation_direction=\"right\" animation_starting_opacity=\"100%\" title_font_size_tablet=\"\" title_font_size_phone=\"32px\" title_font_size_last_edited=\"on|phone\" border_width_all=\"1px\" border_color_all=\"rgba(0,0,0,0.12)\" border_style_all=\"solid\" form_background_color=\"rgba(0,0,0,0)\" global_colors_info=\"{}\"][et_pb_contact_field field_id=\"Name\" field_title=\"N\u00e9v\" _builder_version=\"4.27.5\" global_colors_info=\"{}\" button_text_size__hover_enabled=\"off\" button_one_text_size__hover_enabled=\"off\" button_two_text_size__hover_enabled=\"off\" button_text_color__hover_enabled=\"off\" button_one_text_color__hover_enabled=\"off\" button_two_text_color__hover_enabled=\"off\" button_border_width__hover_enabled=\"off\" button_one_border_width__hover_enabled=\"off\" button_two_border_width__hover_enabled=\"off\" button_border_color__hover_enabled=\"off\" button_one_border_color__hover_enabled=\"off\" button_two_border_color__hover_enabled=\"off\" button_border_radius__hover_enabled=\"off\" button_one_border_radius__hover_enabled=\"off\" button_two_border_radius__hover_enabled=\"off\" button_letter_spacing__hover_enabled=\"off\" button_one_letter_spacing__hover_enabled=\"off\" button_two_letter_spacing__hover_enabled=\"off\" button_bg_color__hover_enabled=\"off\" button_one_bg_color__hover_enabled=\"off\" button_two_bg_color__hover_enabled=\"off\"][\/et_pb_contact_field][et_pb_contact_field field_id=\"Email\" field_title=\"Email c\u00edm\" field_type=\"email\" _builder_version=\"4.27.5\" global_colors_info=\"{}\" button_text_size__hover_enabled=\"off\" button_one_text_size__hover_enabled=\"off\" button_two_text_size__hover_enabled=\"off\" button_text_color__hover_enabled=\"off\" button_one_text_color__hover_enabled=\"off\" button_two_text_color__hover_enabled=\"off\" button_border_width__hover_enabled=\"off\" button_one_border_width__hover_enabled=\"off\" button_two_border_width__hover_enabled=\"off\" button_border_color__hover_enabled=\"off\" button_one_border_color__hover_enabled=\"off\" button_two_border_color__hover_enabled=\"off\" button_border_radius__hover_enabled=\"off\" button_one_border_radius__hover_enabled=\"off\" button_two_border_radius__hover_enabled=\"off\" button_letter_spacing__hover_enabled=\"off\" button_one_letter_spacing__hover_enabled=\"off\" button_two_letter_spacing__hover_enabled=\"off\" button_bg_color__hover_enabled=\"off\" button_one_bg_color__hover_enabled=\"off\" button_two_bg_color__hover_enabled=\"off\"][\/et_pb_contact_field][et_pb_contact_field field_id=\"Message\" field_title=\"\u00dczenet\" field_type=\"text\" fullwidth_field=\"on\" _builder_version=\"4.27.5\" global_colors_info=\"{}\" button_text_size__hover_enabled=\"off\" button_one_text_size__hover_enabled=\"off\" button_two_text_size__hover_enabled=\"off\" button_text_color__hover_enabled=\"off\" button_one_text_color__hover_enabled=\"off\" button_two_text_color__hover_enabled=\"off\" button_border_width__hover_enabled=\"off\" button_one_border_width__hover_enabled=\"off\" button_two_border_width__hover_enabled=\"off\" button_border_color__hover_enabled=\"off\" button_one_border_color__hover_enabled=\"off\" button_two_border_color__hover_enabled=\"off\" button_border_radius__hover_enabled=\"off\" button_one_border_radius__hover_enabled=\"off\" button_two_border_radius__hover_enabled=\"off\" button_letter_spacing__hover_enabled=\"off\" button_one_letter_spacing__hover_enabled=\"off\" button_two_letter_spacing__hover_enabled=\"off\" button_bg_color__hover_enabled=\"off\" button_one_bg_color__hover_enabled=\"off\" button_two_bg_color__hover_enabled=\"off\"][\/et_pb_contact_field][\/et_pb_contact_form][et_pb_social_media_follow use_icon_font_size=\"on\" icon_font_size=\"30px\" _builder_version=\"4.27.5\" _module_preset=\"default\" text_orientation=\"center\" custom_margin_tablet=\"\" custom_margin_phone=\"50px||||false|false\" custom_margin_last_edited=\"on|phone\" locked=\"off\" global_colors_info=\"{}\"][et_pb_social_media_follow_network social_network=\"linkedin\" url=\"https:\/\/www.linkedin.com\/in\/zolt%C3%A1n-alf%C3%B6ldi-a9a03518a\/\" icon_color=\"#FFFFFF\" _builder_version=\"4.27.5\" _module_preset=\"default\" background_color=\"#0d203a\" background_enable_color=\"on\" global_colors_info=\"{}\" follow_button=\"off\" url_new_window=\"on\"]linkedin[\/et_pb_social_media_follow_network][et_pb_social_media_follow_network social_network=\"facebook\" url=\"https:\/\/www.facebook.com\/zoltan.alfoldi\/%20\" _builder_version=\"4.27.5\" _module_preset=\"default\" background_color=\"#0d203a\" background_enable_color=\"on\" custom_margin=\"|30px||30px|false|true\" global_colors_info=\"{}\" follow_button=\"off\" url_new_window=\"on\"]facebook[\/et_pb_social_media_follow_network][et_pb_social_media_follow_network social_network=\"instagram\" url=\"https:\/\/www.instagram.com\/zoltanalfoldi\/\" _builder_version=\"4.27.5\" _module_preset=\"default\" background_color=\"#0d203a\" background_enable_color=\"on\" global_colors_info=\"{}\" follow_button=\"off\" url_new_window=\"on\"]instagram[\/et_pb_social_media_follow_network][\/et_pb_social_media_follow][\/et_pb_column][\/et_pb_row][\/et_pb_section]<\/p>","_et_gb_content_width":"","footnotes":""},"class_list":["post-586","page","type-page","status-publish","hentry"],"acf":[],"_links":{"self":[{"href":"https:\/\/alfoldizoltan.hu\/en\/wp-json\/wp\/v2\/pages\/586","targetHints":{"allow":["GET"]}}],"collection":[{"href":"https:\/\/alfoldizoltan.hu\/en\/wp-json\/wp\/v2\/pages"}],"about":[{"href":"https:\/\/alfoldizoltan.hu\/en\/wp-json\/wp\/v2\/types\/page"}],"author":[{"embeddable":true,"href":"https:\/\/alfoldizoltan.hu\/en\/wp-json\/wp\/v2\/users\/1"}],"replies":[{"embeddable":true,"href":"https:\/\/alfoldizoltan.hu\/en\/wp-json\/wp\/v2\/comments?post=586"}],"version-history":[{"count":3,"href":"https:\/\/alfoldizoltan.hu\/en\/wp-json\/wp\/v2\/pages\/586\/revisions"}],"predecessor-version":[{"id":590,"href":"https:\/\/alfoldizoltan.hu\/en\/wp-json\/wp\/v2\/pages\/586\/revisions\/590"}],"wp:attachment":[{"href":"https:\/\/alfoldizoltan.hu\/en\/wp-json\/wp\/v2\/media?parent=586"}],"curies":[{"name":"wp","href":"https:\/\/api.w.org\/{rel}","templated":true}]}}