{"id":518,"date":"2026-02-04T17:38:57","date_gmt":"2026-02-04T17:38:57","guid":{"rendered":"https:\/\/alfoldizoltan.hu\/?page_id=518"},"modified":"2026-04-21T12:10:24","modified_gmt":"2026-04-21T12:10:24","slug":"studies","status":"publish","type":"page","link":"https:\/\/alfoldizoltan.hu\/en\/studies\/","title":{"rendered":"Studies"},"content":{"rendered":"<p>[et_pb_section fb_built=&#8221;1&#8243; next_background_color=&#8221;#ffffff&#8221; _builder_version=&#8221;4.27.5&#8243; _module_preset=&#8221;default&#8221; background_color=&#8221;#f3f1ed&#8221; custom_margin=&#8221;||0px||false|false&#8221; custom_padding=&#8221;30px||5px||false|false&#8221; bottom_divider_style=&#8221;graph4&#8243; global_colors_info=&#8221;{}&#8221;][et_pb_row _builder_version=&#8221;4.27.5&#8243; _module_preset=&#8221;default&#8221; global_colors_info=&#8221;{}&#8221;][et_pb_column type=&#8221;4_4&#8243; _builder_version=&#8221;4.27.5&#8243; _module_preset=&#8221;default&#8221; global_colors_info=&#8221;{}&#8221;][et_pb_text admin_label=&#8221;Title&#8221; _builder_version=&#8221;4.27.5&#8243; text_font=&#8221;||||||||&#8221; header_font=&#8221;||||||||&#8221; header_2_font=&#8221;Poppins||||||||&#8221; header_2_text_color=&#8221;#0d203a&#8221; header_2_font_size=&#8221;50px&#8221; header_2_line_height=&#8221;1.6em&#8221; custom_margin=&#8221;||10px|&#8221; animation_style=&#8221;fade&#8221; animation_direction=&#8221;left&#8221; header_2_font_size_tablet=&#8221;40px&#8221; header_2_font_size_phone=&#8221;32px&#8221; header_2_font_size_last_edited=&#8221;on|tablet&#8221; global_colors_info=&#8221;{}&#8221;]<\/p>\n<h2 style=\"text-align: center;\">Studies<\/h2>\n<p>[\/et_pb_text][\/et_pb_column][\/et_pb_row][\/et_pb_section][et_pb_section fb_built=&#8221;1&#8243; admin_label=&#8221;Welcome Section&#8221; _builder_version=&#8221;4.27.5&#8243; custom_margin=&#8221;0px||100px||false|false&#8221; custom_margin_tablet=&#8221;0px||100px||false|false&#8221; custom_margin_phone=&#8221;0px||100px||false|false&#8221; custom_margin_last_edited=&#8221;on|desktop&#8221; custom_padding=&#8221;0px||90px||false|false&#8221; global_colors_info=&#8221;{}&#8221;][et_pb_row column_structure=&#8221;3_5,2_5&#8243; make_equal=&#8221;on&#8221; admin_label=&#8221;Welcome Area&#8221; _builder_version=&#8221;4.27.5&#8243; animation_style=&#8221;slide&#8221; global_colors_info=&#8221;{}&#8221;][et_pb_column type=&#8221;3_5&#8243; _builder_version=&#8221;4.27.5&#8243; custom_padding=&#8221;||||false|false&#8221; custom_css_main_element=&#8221;margin: auto;&#8221; global_colors_info=&#8221;{}&#8221; custom_padding__hover=&#8221;|||&#8221;][et_pb_text _builder_version=&#8221;4.27.5&#8243; text_font=&#8221;||||||||&#8221; text_text_color=&#8221;#313b45&#8243; text_font_size=&#8221;16px&#8221; text_line_height=&#8221;2em&#8221; ul_font_size=&#8221;16px&#8221; ul_line_height=&#8221;2em&#8221; animation_direction=&#8221;left&#8221; global_colors_info=&#8221;{}&#8221;]<\/p>\n<ul>\n<li>2003\u20132007 \u2013 University of P\u00e9cs, Certified Physical Education Teacher<\/li>\n<li>2006\u20132007 \u2013 University of Coimbra (Portugal), Erasmus Scholarship<\/li>\n<li>2007\u20132009 \u2013 University of P\u00e9cs, Sports Communicator<\/li>\n<li>2009 \u2013 University of Coimbra (Portugal), Leonardo da Vinci Scholarship<\/li>\n<li>2009\u20132012 \u2013 Babe\u0219\u2013Bolyai University (Romania), BA in Psychology<\/li>\n<li>2013\u20132014 \u2013 Semmelweis University, Rowing Coach<\/li>\n<li>2012\u20132018 \u2013 University of P\u00e9cs, MA in Psychology<\/li>\n<li>2019\u20132022 \u2013 Hungarian University of Sports Science \/ E\u00f6tv\u00f6s Lor\u00e1nd University, Sports Psychologist<\/li>\n<li>2019\u20132023 \u2013 University of P\u00e9cs, Faculty of Health Sciences, Doctoral School of Health Sciences, Doctoral (PhD) Program<\/li>\n<li>2023\u20132024 \u2013 University of Delaware (United States) \/ International Olympic Committee (Switzerland) \u2013 ICECP Coaching Course<\/li>\n<\/ul>\n<p>[\/et_pb_text][\/et_pb_column][et_pb_column type=&#8221;2_5&#8243; _builder_version=&#8221;4.27.5&#8243; custom_padding=&#8221;|||&#8221; custom_css_main_element=&#8221;margin: auto;&#8221; global_colors_info=&#8221;{}&#8221; custom_padding__hover=&#8221;|||&#8221;][et_pb_image src=&#8221;https:\/\/alfoldizoltan.hu\/wp-content\/uploads\/2026\/01\/alfoldizoltan_fooldal_3.webp&#8221; title_text=&#8221;alfoldizoltan_fooldal_3&#8243; show_bottom_space=&#8221;off&#8221; force_fullwidth=&#8221;on&#8221; align_tablet=&#8221;center&#8221; align_phone=&#8221;&#8221; align_last_edited=&#8221;on|desktop&#8221; _builder_version=&#8221;4.27.5&#8243; animation_direction=&#8221;right&#8221; border_width_all=&#8221;30px&#8221; border_color_all=&#8221;#ffffff&#8221; box_shadow_style=&#8221;preset2&#8243; box_shadow_horizontal=&#8221;0px&#8221; box_shadow_vertical=&#8221;15px&#8221; box_shadow_blur=&#8221;60px&#8221; box_shadow_color=&#8221;rgba(29,61,71,0.2)&#8221; global_colors_info=&#8221;{}&#8221;][\/et_pb_image][\/et_pb_column][\/et_pb_row][\/et_pb_section][et_pb_section fb_built=&#8221;1&#8243; _builder_version=&#8221;4.27.5&#8243; _module_preset=&#8221;default&#8221; global_module=&#8221;499&#8243; saved_tabs=&#8221;all&#8221; global_colors_info=&#8221;{}&#8221;][et_pb_row _builder_version=&#8221;4.16&#8243; global_colors_info=&#8221;{}&#8221;][et_pb_column type=&#8221;4_4&#8243; _builder_version=&#8221;4.16&#8243; custom_padding=&#8221;|||&#8221; global_colors_info=&#8221;{}&#8221; custom_padding__hover=&#8221;|||&#8221;][et_pb_contact_form use_spam_service=&#8221;on&#8221; recaptcha_list=&#8221;alfoldizoltanhu &#8211; V3|alfoldizoltanhu &#8211; V3-0&#8243; email=&#8221;info@alfoldizoltan.hu&#8221; title=&#8221;Send a message&#8221; custom_message=&#8221;N\u00e9v: %%Name%%||et_pb_line_break_holder||Email: %%Email%%||et_pb_line_break_holder||\u00dczenet: %%Message%%||et_pb_line_break_holder||||et_pb_line_break_holder||||et_pb_line_break_holder||||et_pb_line_break_holder||\u00dczenet k\u00fcldve az alfoldizoltan.hu oldalr\u00f3l.&#8221; module_id=&#8221;et_pb_contact_form_0&#8243; _builder_version=&#8221;4.27.5&#8243; _unique_id=&#8221;a205d5ce-ace4-4229-a80e-ad1b6fd18e5b&#8221; form_field_background_color=&#8221;rgba(0,0,0,0)&#8221; title_level=&#8221;h2&#8243; title_font=&#8221;Poppins||||||||&#8221; title_text_color=&#8221;#0d203a&#8221; title_font_size=&#8221;42px&#8221; title_line_height=&#8221;1.4em&#8221; form_field_font=&#8221;||||||||&#8221; form_field_font_size=&#8221;16px&#8221; custom_button=&#8221;on&#8221; button_text_size=&#8221;14px&#8221; button_text_color=&#8221;#ffffff&#8221; button_bg_color=&#8221;#0d203a&#8221; button_border_width=&#8221;12px&#8221; button_border_color=&#8221;#0d203a&#8221; button_border_radius=&#8221;0px&#8221; button_letter_spacing=&#8221;4px&#8221; button_font=&#8221;|700||on|||||&#8221; button_icon=&#8221;&#x24;||divi||400&#8243; custom_margin=&#8221;|||&#8221; custom_padding=&#8221;|||&#8221; animation_style=&#8221;slide&#8221; animation_direction=&#8221;right&#8221; animation_intensity_slide=&#8221;5%&#8221; animation_starting_opacity=&#8221;100%&#8221; title_font_size_tablet=&#8221;&#8221; title_font_size_phone=&#8221;32px&#8221; title_font_size_last_edited=&#8221;on|phone&#8221; border_width_all=&#8221;1px&#8221; border_color_all=&#8221;rgba(0,0,0,0.12)&#8221; border_style_all=&#8221;solid&#8221; form_background_color=&#8221;rgba(0,0,0,0)&#8221; global_colors_info=&#8221;{}&#8221;][et_pb_contact_field field_id=&#8221;Name&#8221; field_title=&#8221;Name&#8221; _builder_version=&#8221;4.27.5&#8243; global_colors_info=&#8221;{}&#8221; button_text_size__hover_enabled=&#8221;off&#8221; button_one_text_size__hover_enabled=&#8221;off&#8221; button_two_text_size__hover_enabled=&#8221;off&#8221; button_text_color__hover_enabled=&#8221;off&#8221; button_one_text_color__hover_enabled=&#8221;off&#8221; button_two_text_color__hover_enabled=&#8221;off&#8221; button_border_width__hover_enabled=&#8221;off&#8221; button_one_border_width__hover_enabled=&#8221;off&#8221; button_two_border_width__hover_enabled=&#8221;off&#8221; button_border_color__hover_enabled=&#8221;off&#8221; button_one_border_color__hover_enabled=&#8221;off&#8221; button_two_border_color__hover_enabled=&#8221;off&#8221; button_border_radius__hover_enabled=&#8221;off&#8221; button_one_border_radius__hover_enabled=&#8221;off&#8221; button_two_border_radius__hover_enabled=&#8221;off&#8221; button_letter_spacing__hover_enabled=&#8221;off&#8221; button_one_letter_spacing__hover_enabled=&#8221;off&#8221; button_two_letter_spacing__hover_enabled=&#8221;off&#8221; button_bg_color__hover_enabled=&#8221;off&#8221; button_one_bg_color__hover_enabled=&#8221;off&#8221; button_two_bg_color__hover_enabled=&#8221;off&#8221;][\/et_pb_contact_field][et_pb_contact_field field_id=&#8221;Email&#8221; field_title=&#8221;Email&#8221; field_type=&#8221;email&#8221; _builder_version=&#8221;4.27.5&#8243; global_colors_info=&#8221;{}&#8221; button_text_size__hover_enabled=&#8221;off&#8221; button_one_text_size__hover_enabled=&#8221;off&#8221; button_two_text_size__hover_enabled=&#8221;off&#8221; button_text_color__hover_enabled=&#8221;off&#8221; button_one_text_color__hover_enabled=&#8221;off&#8221; button_two_text_color__hover_enabled=&#8221;off&#8221; button_border_width__hover_enabled=&#8221;off&#8221; button_one_border_width__hover_enabled=&#8221;off&#8221; button_two_border_width__hover_enabled=&#8221;off&#8221; button_border_color__hover_enabled=&#8221;off&#8221; button_one_border_color__hover_enabled=&#8221;off&#8221; button_two_border_color__hover_enabled=&#8221;off&#8221; button_border_radius__hover_enabled=&#8221;off&#8221; button_one_border_radius__hover_enabled=&#8221;off&#8221; button_two_border_radius__hover_enabled=&#8221;off&#8221; button_letter_spacing__hover_enabled=&#8221;off&#8221; button_one_letter_spacing__hover_enabled=&#8221;off&#8221; button_two_letter_spacing__hover_enabled=&#8221;off&#8221; button_bg_color__hover_enabled=&#8221;off&#8221; button_one_bg_color__hover_enabled=&#8221;off&#8221; button_two_bg_color__hover_enabled=&#8221;off&#8221;][\/et_pb_contact_field][et_pb_contact_field field_id=&#8221;Message&#8221; field_title=&#8221;Message&#8221; field_type=&#8221;text&#8221; fullwidth_field=&#8221;on&#8221; _builder_version=&#8221;4.27.5&#8243; global_colors_info=&#8221;{}&#8221; button_text_size__hover_enabled=&#8221;off&#8221; button_one_text_size__hover_enabled=&#8221;off&#8221; button_two_text_size__hover_enabled=&#8221;off&#8221; button_text_color__hover_enabled=&#8221;off&#8221; button_one_text_color__hover_enabled=&#8221;off&#8221; button_two_text_color__hover_enabled=&#8221;off&#8221; button_border_width__hover_enabled=&#8221;off&#8221; button_one_border_width__hover_enabled=&#8221;off&#8221; button_two_border_width__hover_enabled=&#8221;off&#8221; button_border_color__hover_enabled=&#8221;off&#8221; button_one_border_color__hover_enabled=&#8221;off&#8221; button_two_border_color__hover_enabled=&#8221;off&#8221; button_border_radius__hover_enabled=&#8221;off&#8221; button_one_border_radius__hover_enabled=&#8221;off&#8221; button_two_border_radius__hover_enabled=&#8221;off&#8221; button_letter_spacing__hover_enabled=&#8221;off&#8221; button_one_letter_spacing__hover_enabled=&#8221;off&#8221; button_two_letter_spacing__hover_enabled=&#8221;off&#8221; button_bg_color__hover_enabled=&#8221;off&#8221; button_one_bg_color__hover_enabled=&#8221;off&#8221; button_two_bg_color__hover_enabled=&#8221;off&#8221;][\/et_pb_contact_field][\/et_pb_contact_form][et_pb_social_media_follow use_icon_font_size=&#8221;on&#8221; icon_font_size=&#8221;30px&#8221; _builder_version=&#8221;4.27.5&#8243; _module_preset=&#8221;default&#8221; text_orientation=&#8221;center&#8221; locked=&#8221;off&#8221; global_colors_info=&#8221;{}&#8221;][et_pb_social_media_follow_network social_network=&#8221;linkedin&#8221; url=&#8221;https:\/\/www.linkedin.com\/in\/zolt%C3%A1n-alf%C3%B6ldi-a9a03518a\/&#8221; icon_color=&#8221;#FFFFFF&#8221; _builder_version=&#8221;4.27.5&#8243; _module_preset=&#8221;default&#8221; background_color=&#8221;#0d203a&#8221; background_enable_color=&#8221;on&#8221; global_colors_info=&#8221;{}&#8221; follow_button=&#8221;off&#8221; url_new_window=&#8221;on&#8221;]linkedin[\/et_pb_social_media_follow_network][et_pb_social_media_follow_network social_network=&#8221;facebook&#8221; url=&#8221;https:\/\/www.facebook.com\/zoltan.alfoldi\/%20&#8243; _builder_version=&#8221;4.27.5&#8243; _module_preset=&#8221;default&#8221; background_color=&#8221;#0d203a&#8221; background_enable_color=&#8221;on&#8221; custom_margin=&#8221;|30px||30px|false|true&#8221; global_colors_info=&#8221;{}&#8221; follow_button=&#8221;off&#8221; url_new_window=&#8221;on&#8221;]facebook[\/et_pb_social_media_follow_network][et_pb_social_media_follow_network social_network=&#8221;instagram&#8221; url=&#8221;https:\/\/www.instagram.com\/zoltanalfoldi\/&#8221; _builder_version=&#8221;4.27.5&#8243; _module_preset=&#8221;default&#8221; background_color=&#8221;#0d203a&#8221; background_enable_color=&#8221;on&#8221; global_colors_info=&#8221;{}&#8221; follow_button=&#8221;off&#8221; url_new_window=&#8221;on&#8221;]instagram[\/et_pb_social_media_follow_network][\/et_pb_social_media_follow][\/et_pb_column][\/et_pb_row][\/et_pb_section]<\/p>\n","protected":false},"excerpt":{"rendered":"<p>Studies 2003\u20132007 \u2013 University of P\u00e9cs, Certified Physical Education Teacher 2006\u20132007 \u2013 University of Coimbra (Portugal), Erasmus Scholarship 2007\u20132009 \u2013 University of P\u00e9cs, Sports Communicator 2009 \u2013 University of Coimbra (Portugal), Leonardo da Vinci Scholarship 2009\u20132012 \u2013 Babe\u0219\u2013Bolyai University (Romania), BA in Psychology 2013\u20132014 \u2013 Semmelweis University, Rowing Coach 2012\u20132018 \u2013 University of P\u00e9cs, MA [&hellip;]<\/p>\n","protected":false},"author":1,"featured_media":0,"parent":0,"menu_order":0,"comment_status":"closed","ping_status":"closed","template":"","meta":{"_acf_changed":false,"_et_pb_use_builder":"on","_et_pb_old_content":"<p>[et_pb_section fb_built=\"1\" next_background_color=\"#ffffff\" _builder_version=\"4.27.5\" _module_preset=\"default\" background_color=\"#f3f1ed\" custom_margin=\"||0px||false|false\" custom_padding=\"30px||5px||false|false\" bottom_divider_style=\"graph4\" global_colors_info=\"{}\"][et_pb_row _builder_version=\"4.27.5\" _module_preset=\"default\" global_colors_info=\"{}\"][et_pb_column type=\"4_4\" _builder_version=\"4.27.5\" _module_preset=\"default\" global_colors_info=\"{}\"][et_pb_text admin_label=\"Title\" _builder_version=\"4.27.5\" text_font=\"||||||||\" header_font=\"||||||||\" header_2_font=\"Poppins||||||||\" header_2_text_color=\"#0d203a\" header_2_font_size=\"50px\" header_2_line_height=\"1.6em\" custom_margin=\"||10px|\" animation_style=\"fade\" animation_direction=\"left\" header_2_font_size_tablet=\"40px\" header_2_font_size_phone=\"32px\" header_2_font_size_last_edited=\"on|tablet\" global_colors_info=\"{}\"]<\/p><h2 style=\"text-align: center;\">Tanulm\u00e1nyok (\u00e1ttekint\u00e9s)<\/h2><p>[\/et_pb_text][\/et_pb_column][\/et_pb_row][\/et_pb_section][et_pb_section fb_built=\"1\" admin_label=\"Welcome Section\" _builder_version=\"4.27.5\" custom_margin=\"0px||100px||false|false\" custom_margin_tablet=\"0px||100px||false|false\" custom_margin_phone=\"0px||100px||false|false\" custom_margin_last_edited=\"on|desktop\" custom_padding=\"0px||90px||false|false\" global_colors_info=\"{}\"][et_pb_row column_structure=\"3_5,2_5\" make_equal=\"on\" admin_label=\"Welcome Area\" _builder_version=\"4.27.5\" animation_style=\"slide\" global_colors_info=\"{}\"][et_pb_column type=\"3_5\" _builder_version=\"4.27.5\" custom_padding=\"||||false|false\" custom_css_main_element=\"margin: auto;\" global_colors_info=\"{}\" custom_padding__hover=\"|||\"][et_pb_text _builder_version=\"4.27.5\" text_font=\"||||||||\" text_text_color=\"#313b45\" text_font_size=\"16px\" text_line_height=\"2em\" ul_font_size=\"16px\" ul_line_height=\"2em\" animation_direction=\"left\" hover_enabled=\"0\" global_colors_info=\"{}\" sticky_enabled=\"0\"]<\/p><ul><li>2003\u20132007 \u2013 P\u00e9csi Tudom\u00e1nyegyetem, Okleveles Testnevel\u0151 Tan\u00e1r<\/li><li>2006\u20132007 \u2013 Universidade de Coimbra (Portug\u00e1lia), Erasmus \u00f6szt\u00f6nd\u00edj<\/li><li>2007\u20132009 \u2013 P\u00e9csi Tudom\u00e1nyegyetem, Sportkommunik\u00e1tor<\/li><li>2009 \u2013 Universidade de Coimbra (Portug\u00e1lia), Leonardo da Vinci \u00f6szt\u00f6nd\u00edj<\/li><li>2009\u20132012 \u2013 Babe\u0219\u2013Bolyai Tudom\u00e1nyegyetem (Rom\u00e1nia), Pszichol\u00f3gia BA<\/li><li>2013\u20132014 \u2013 Semmelweis Egyetem, Evez\u0151s Szakedz\u0151<\/li><li>2012\u20132018 \u2013 P\u00e9csi Tudom\u00e1nyegyetem, Okleveles Pszichol\u00f3gus MA<\/li><li>2019\u20132022 \u2013 Testnevel\u00e9si Egyetem \/ E\u00f6tv\u00f6s Lor\u00e1nd Tudom\u00e1nyegyetem, Sportszakpszichol\u00f3gus<\/li><li>2019\u20132023 \u2013 P\u00e9csi Tudom\u00e1nyegyetem, Eg\u00e9szs\u00e9gtudom\u00e1nyi Kar, Eg\u00e9szs\u00e9gtudom\u00e1nyi Doktori Iskola, Doktori (PhD) k\u00e9pz\u00e9s<\/li><li>2023\u20132024 \u2013 University of Delaware (Amerikai Egyes\u00fclt \u00c1llamok) \/ Nemzetk\u00f6zi Olimpiai Bizotts\u00e1g (Sv\u00e1jc) \u2013 ICECP Edz\u0151k\u00e9pz\u00e9s<\/li><\/ul><p>[\/et_pb_text][\/et_pb_column][et_pb_column type=\"2_5\" _builder_version=\"4.27.5\" custom_padding=\"|||\" custom_css_main_element=\"margin: auto;\" global_colors_info=\"{}\" custom_padding__hover=\"|||\"][et_pb_image src=\"https:\/\/alfoldizoltan.hu\/wp-content\/uploads\/2026\/01\/alfoldizoltan_fooldal_3.webp\" title_text=\"alfoldizoltan_fooldal_3\" show_bottom_space=\"off\" force_fullwidth=\"on\" align_tablet=\"center\" align_phone=\"\" align_last_edited=\"on|desktop\" _builder_version=\"4.27.5\" animation_direction=\"right\" border_width_all=\"30px\" border_color_all=\"#ffffff\" box_shadow_style=\"preset2\" box_shadow_horizontal=\"0px\" box_shadow_vertical=\"15px\" box_shadow_blur=\"60px\" box_shadow_color=\"rgba(29,61,71,0.2)\" global_colors_info=\"{}\"][\/et_pb_image][\/et_pb_column][\/et_pb_row][\/et_pb_section][et_pb_section fb_built=\"1\" _builder_version=\"4.27.5\" _module_preset=\"default\" global_module=\"159\" saved_tabs=\"all\" global_colors_info=\"{}\"][et_pb_row _builder_version=\"4.16\" global_colors_info=\"{}\"][et_pb_column type=\"4_4\" _builder_version=\"4.16\" custom_padding=\"|||\" global_colors_info=\"{}\" custom_padding__hover=\"|||\"][et_pb_contact_form use_spam_service=\"on\" recaptcha_list=\"alfoldizoltanhu - V3|alfoldizoltanhu - V3-0\" email=\"info@alfoldizoltan.hu\" title=\"\u00dczenetk\u00fcld\u00e9s\" custom_message=\"N\u00e9v: %%Name%%||et_pb_line_break_holder||Email: %%Email%%||et_pb_line_break_holder||\u00dczenet: %%Message%%||et_pb_line_break_holder||||et_pb_line_break_holder||||et_pb_line_break_holder||||et_pb_line_break_holder||\u00dczenet k\u00fcldve az alfoldizoltan.hu oldalr\u00f3l.\" module_id=\"et_pb_contact_form_0\" _builder_version=\"4.27.5\" _unique_id=\"a205d5ce-ace4-4229-a80e-ad1b6fd18e5b\" form_field_background_color=\"rgba(0,0,0,0)\" title_level=\"h2\" title_font=\"Poppins||||||||\" title_text_color=\"#0d203a\" title_font_size=\"42px\" title_line_height=\"1.4em\" form_field_font=\"||||||||\" form_field_font_size=\"16px\" custom_button=\"on\" button_text_size=\"14px\" button_text_color=\"#ffffff\" button_bg_color=\"#0d203a\" button_border_width=\"12px\" button_border_color=\"#0d203a\" button_border_radius=\"0px\" button_letter_spacing=\"4px\" button_font=\"|700||on|||||\" button_icon=\"$||divi||400\" custom_margin=\"|||\" custom_padding=\"|||\" animation_style=\"slide\" animation_direction=\"right\" animation_intensity_slide=\"5%\" animation_starting_opacity=\"100%\" title_font_size_tablet=\"\" title_font_size_phone=\"32px\" title_font_size_last_edited=\"on|phone\" border_width_all=\"1px\" border_color_all=\"rgba(0,0,0,0.12)\" border_style_all=\"solid\" form_background_color=\"rgba(0,0,0,0)\" global_colors_info=\"{}\"][et_pb_contact_field field_id=\"Name\" field_title=\"N\u00e9v\" _builder_version=\"4.27.5\" global_colors_info=\"{}\" button_text_size__hover_enabled=\"off\" button_one_text_size__hover_enabled=\"off\" button_two_text_size__hover_enabled=\"off\" button_text_color__hover_enabled=\"off\" button_one_text_color__hover_enabled=\"off\" button_two_text_color__hover_enabled=\"off\" button_border_width__hover_enabled=\"off\" button_one_border_width__hover_enabled=\"off\" button_two_border_width__hover_enabled=\"off\" button_border_color__hover_enabled=\"off\" button_one_border_color__hover_enabled=\"off\" button_two_border_color__hover_enabled=\"off\" button_border_radius__hover_enabled=\"off\" button_one_border_radius__hover_enabled=\"off\" button_two_border_radius__hover_enabled=\"off\" button_letter_spacing__hover_enabled=\"off\" button_one_letter_spacing__hover_enabled=\"off\" button_two_letter_spacing__hover_enabled=\"off\" button_bg_color__hover_enabled=\"off\" button_one_bg_color__hover_enabled=\"off\" button_two_bg_color__hover_enabled=\"off\"][\/et_pb_contact_field][et_pb_contact_field field_id=\"Email\" field_title=\"Email c\u00edm\" field_type=\"email\" _builder_version=\"4.27.5\" global_colors_info=\"{}\" button_text_size__hover_enabled=\"off\" button_one_text_size__hover_enabled=\"off\" button_two_text_size__hover_enabled=\"off\" button_text_color__hover_enabled=\"off\" button_one_text_color__hover_enabled=\"off\" button_two_text_color__hover_enabled=\"off\" button_border_width__hover_enabled=\"off\" button_one_border_width__hover_enabled=\"off\" button_two_border_width__hover_enabled=\"off\" button_border_color__hover_enabled=\"off\" button_one_border_color__hover_enabled=\"off\" button_two_border_color__hover_enabled=\"off\" button_border_radius__hover_enabled=\"off\" button_one_border_radius__hover_enabled=\"off\" button_two_border_radius__hover_enabled=\"off\" button_letter_spacing__hover_enabled=\"off\" button_one_letter_spacing__hover_enabled=\"off\" button_two_letter_spacing__hover_enabled=\"off\" button_bg_color__hover_enabled=\"off\" button_one_bg_color__hover_enabled=\"off\" button_two_bg_color__hover_enabled=\"off\"][\/et_pb_contact_field][et_pb_contact_field field_id=\"Message\" field_title=\"\u00dczenet\" field_type=\"text\" fullwidth_field=\"on\" _builder_version=\"4.27.5\" global_colors_info=\"{}\" button_text_size__hover_enabled=\"off\" button_one_text_size__hover_enabled=\"off\" button_two_text_size__hover_enabled=\"off\" button_text_color__hover_enabled=\"off\" button_one_text_color__hover_enabled=\"off\" button_two_text_color__hover_enabled=\"off\" button_border_width__hover_enabled=\"off\" button_one_border_width__hover_enabled=\"off\" button_two_border_width__hover_enabled=\"off\" button_border_color__hover_enabled=\"off\" button_one_border_color__hover_enabled=\"off\" button_two_border_color__hover_enabled=\"off\" button_border_radius__hover_enabled=\"off\" button_one_border_radius__hover_enabled=\"off\" button_two_border_radius__hover_enabled=\"off\" button_letter_spacing__hover_enabled=\"off\" button_one_letter_spacing__hover_enabled=\"off\" button_two_letter_spacing__hover_enabled=\"off\" button_bg_color__hover_enabled=\"off\" button_one_bg_color__hover_enabled=\"off\" button_two_bg_color__hover_enabled=\"off\"][\/et_pb_contact_field][\/et_pb_contact_form][et_pb_social_media_follow use_icon_font_size=\"on\" icon_font_size=\"30px\" _builder_version=\"4.27.5\" _module_preset=\"default\" text_orientation=\"center\" locked=\"off\" global_colors_info=\"{}\"][et_pb_social_media_follow_network social_network=\"linkedin\" url=\"https:\/\/www.linkedin.com\/in\/zolt%C3%A1n-alf%C3%B6ldi-a9a03518a\/\" icon_color=\"#FFFFFF\" _builder_version=\"4.27.5\" _module_preset=\"default\" background_color=\"#0d203a\" background_enable_color=\"on\" global_colors_info=\"{}\" follow_button=\"off\" url_new_window=\"on\"]linkedin[\/et_pb_social_media_follow_network][et_pb_social_media_follow_network social_network=\"facebook\" url=\"https:\/\/www.facebook.com\/zoltan.alfoldi\/%20\" _builder_version=\"4.27.5\" _module_preset=\"default\" background_color=\"#0d203a\" background_enable_color=\"on\" custom_margin=\"|30px||30px|false|true\" global_colors_info=\"{}\" follow_button=\"off\" url_new_window=\"on\"]facebook[\/et_pb_social_media_follow_network][et_pb_social_media_follow_network social_network=\"instagram\" url=\"https:\/\/www.instagram.com\/zoltanalfoldi\/\" _builder_version=\"4.27.5\" _module_preset=\"default\" background_color=\"#0d203a\" background_enable_color=\"on\" global_colors_info=\"{}\" follow_button=\"off\" url_new_window=\"on\"]instagram[\/et_pb_social_media_follow_network][\/et_pb_social_media_follow][\/et_pb_column][\/et_pb_row][\/et_pb_section]<\/p>","_et_gb_content_width":"","footnotes":""},"class_list":["post-518","page","type-page","status-publish","hentry"],"acf":[],"_links":{"self":[{"href":"https:\/\/alfoldizoltan.hu\/en\/wp-json\/wp\/v2\/pages\/518","targetHints":{"allow":["GET"]}}],"collection":[{"href":"https:\/\/alfoldizoltan.hu\/en\/wp-json\/wp\/v2\/pages"}],"about":[{"href":"https:\/\/alfoldizoltan.hu\/en\/wp-json\/wp\/v2\/types\/page"}],"author":[{"embeddable":true,"href":"https:\/\/alfoldizoltan.hu\/en\/wp-json\/wp\/v2\/users\/1"}],"replies":[{"embeddable":true,"href":"https:\/\/alfoldizoltan.hu\/en\/wp-json\/wp\/v2\/comments?post=518"}],"version-history":[{"count":4,"href":"https:\/\/alfoldizoltan.hu\/en\/wp-json\/wp\/v2\/pages\/518\/revisions"}],"predecessor-version":[{"id":611,"href":"https:\/\/alfoldizoltan.hu\/en\/wp-json\/wp\/v2\/pages\/518\/revisions\/611"}],"wp:attachment":[{"href":"https:\/\/alfoldizoltan.hu\/en\/wp-json\/wp\/v2\/media?parent=518"}],"curies":[{"name":"wp","href":"https:\/\/api.w.org\/{rel}","templated":true}]}}